{"id":381,"date":"2018-05-09T07:46:16","date_gmt":"2018-05-08T20:46:16","guid":{"rendered":"https:\/\/www.ds-legal.com\/expertise\/banking-finance-law-copy\/"},"modified":"2018-06-08T02:23:11","modified_gmt":"2018-06-07T15:23:11","slug":"banking-finance-law-copy","status":"publish","type":"page","link":"https:\/\/www.ds-legal.com\/fr\/competences\/droit-de-la-concurrence-et-des-concentrationsoncentrations\/","title":{"rendered":"Droit de la concurrence et des concentrations"},"content":{"rendered":"<p><\/p>\n<h2>Droit de la concurrence et des concentrations<\/h2>\n<p><img loading=\"lazy\" decoding=\"async\" class=\"alignnone size-full wp-image-264\" src=\"\/wp-content\/uploads\/2017\/12\/droit_bancaire.jpg\" alt=\"\" width=\"531\" height=\"184\" srcset=\"https:\/\/www.ds-legal.com\/wp-content\/uploads\/2017\/12\/droit_bancaire.jpg 531w, https:\/\/www.ds-legal.com\/wp-content\/uploads\/2017\/12\/droit_bancaire-300x104.jpg 300w\" sizes=\"auto, (max-width: 531px) 100vw, 531px\" \/><\/p>\n<ul>\n<li class=\"s5\"><span class=\"s4\">Le droit de la concurrence s\u2019exerce de fa\u00e7on quasi syst\u00e9matique dans le monde des affaires quelle que soit la taille des entreprises et des acteurs \u00e9conomiques.<\/span><\/li>\n<li>\u00a0<span class=\"s4\">Le cabinet <\/span><span class=\"s4\">d\u2019avocats <\/span><span class=\"s4\">D&amp;S LEGAL s\u2019emploie<\/span><span class=\"s4\"> \u00e0 assister et \u00a0\u00e0 conseiller ses clients dans cet univers complexe que ce soit en mati\u00e8re d\u2019abus de position dominante et d\u2019ententes, de pratiques restrictives et de concurrence d\u00e9loyale.<\/span><\/li>\n<li><span class=\"s4\">Le cabinet a <\/span><span class=\"s4\">\u00e9galement <\/span><span class=\"s4\">d\u00e9velopp\u00e9 une expertise forte <\/span><span class=\"s4\">dans le domaine des op\u00e9rations<\/span><span class=\"s4\"> de concentration, <\/span><span class=\"s4\">et ce d\u00e8s la mise en place de la r\u00e8glementation en Nouvelle-Cal\u00e9donie, en 2013. Le Cabinet D&amp;S LEGAL a d\u2019ailleurs organis\u00e9 de nombreuses conf\u00e9rences, notamment lors de la promulgation de la loi, mais \u00e9galement lors des ann\u00e9es qui ont suivi pour faire un bilan de son application. Le cabinet D&amp;S LEGAL intervient en amont de l\u2019op\u00e9ration, pour la pr\u00e9paration des dossiers de demande d\u2019autorisations, pendant la phase d\u2019instruction, avec une relation constante avec l\u2019Autorit\u00e9 de la concurrence, et enfin en contentieux, en cas de recours contre les autorisations, et ce \u00e0 tous les degr\u00e9s de juridiction. Depuis l\u2019entr\u00e9e en vigueur de la loi, tous les dossiers pr\u00e9sent\u00e9s par le cabinet D&amp;S LEGAL ont abouti \u00e0 une autorisation, et ce dans des domaines vari\u00e9s tels que l\u2019automobile, la grande distribution,\u00a0l\u2019agroalimentaire, l\u2019h\u00f4tellerie, et d\u2019autres encore.<\/span><\/li>\n<\/ul>\n<p><\/p>","protected":false},"excerpt":{"rendered":"<p>Droit de la concurrence et des concentrations Le droit de la concurrence s\u2019exerce de fa\u00e7on quasi syst\u00e9matique dans le monde des affaires quelle que soit la taille des entreprises et des acteurs \u00e9conomiques. \u00a0Le cabinet d\u2019avocats D&amp;S LEGAL s\u2019emploie \u00e0 assister et \u00a0\u00e0 conseiller ses clients dans cet univers complexe que ce soit en mati\u00e8re &hellip; <\/p>\n<p class=\"link-more\"><a href=\"https:\/\/www.ds-legal.com\/fr\/competences\/droit-de-la-concurrence-et-des-concentrationsoncentrations\/\" class=\"more-link\">Continuer la lecture<span class=\"screen-reader-text\"> de &laquo;&nbsp;Droit de la concurrence et des concentrations&nbsp;&raquo;<\/span><\/a><\/p>\n","protected":false},"author":1,"featured_media":0,"parent":14,"menu_order":0,"comment_status":"closed","ping_status":"closed","template":"inner-page.php","meta":{"_acf_changed":false,"footnotes":""},"class_list":["post-381","page","type-page","status-publish","hentry"],"acf":[],"_links":{"self":[{"href":"https:\/\/www.ds-legal.com\/fr\/wp-json\/wp\/v2\/pages\/381","targetHints":{"allow":["GET"]}}],"collection":[{"href":"https:\/\/www.ds-legal.com\/fr\/wp-json\/wp\/v2\/pages"}],"about":[{"href":"https:\/\/www.ds-legal.com\/fr\/wp-json\/wp\/v2\/types\/page"}],"author":[{"embeddable":true,"href":"https:\/\/www.ds-legal.com\/fr\/wp-json\/wp\/v2\/users\/1"}],"replies":[{"embeddable":true,"href":"https:\/\/www.ds-legal.com\/fr\/wp-json\/wp\/v2\/comments?post=381"}],"version-history":[{"count":7,"href":"https:\/\/www.ds-legal.com\/fr\/wp-json\/wp\/v2\/pages\/381\/revisions"}],"predecessor-version":[{"id":454,"href":"https:\/\/www.ds-legal.com\/fr\/wp-json\/wp\/v2\/pages\/381\/revisions\/454"}],"up":[{"embeddable":true,"href":"https:\/\/www.ds-legal.com\/fr\/wp-json\/wp\/v2\/pages\/14"}],"wp:attachment":[{"href":"https:\/\/www.ds-legal.com\/fr\/wp-json\/wp\/v2\/media?parent=381"}],"curies":[{"name":"wp","href":"https:\/\/api.w.org\/{rel}","templated":true}]}}