{"id":2,"date":"2017-11-18T03:42:53","date_gmt":"2017-11-18T03:42:53","guid":{"rendered":"http:\/\/dslegal.radixdev13.com\/?page_id=2"},"modified":"2018-09-06T08:32:03","modified_gmt":"2018-09-05T21:32:03","slug":"the-firm","status":"publish","type":"page","link":"https:\/\/www.ds-legal.com\/fr\/","title":{"rendered":"Le Cabinet"},"content":{"rendered":"<p><\/p>\n<h1>Qui sommes-nous ?<\/h1>\n<p><a href=\"https:\/\/www.ds-legal.com\/fr\/contact\/\">D&amp;S LEGAL<\/a> est un cabinet d\u2019avocats situ\u00e9 \u00e0 Noum\u00e9a en Nouvelle-Cal\u00e9donie proposant une gamme compl\u00e8te de services dans de nombreux domaines du droit.<br \/>\n<img loading=\"lazy\" decoding=\"async\" class=\"alignnone wp-image-305 size-full\" title=\"cabinet avocats Noum\u00e9a Nouvelle-Cal\u00e9donie\" src=\"https:\/\/www.ds-legal.com\/wp-content\/uploads\/2017\/12\/whoweare.jpg\" alt=\"cabinet avocat Noum\u00e9a Nouvelle-Cal\u00e9donie\" width=\"531\" height=\"184\" srcset=\"https:\/\/www.ds-legal.com\/wp-content\/uploads\/2017\/12\/whoweare.jpg 531w, https:\/\/www.ds-legal.com\/wp-content\/uploads\/2017\/12\/whoweare-300x104.jpg 300w\" sizes=\"auto, (max-width: 531px) 100vw, 531px\" \/><\/p>\n<h1>Origines<\/h1>\n<p>Issu du rapprochement en 2005 du Cabinet DESCOMBES fond\u00e9 en 2003 et de la SCP SALANS.<\/p>\n<h1>Domaines d\u2019activit\u00e9<\/h1>\n<p>L\u2019activit\u00e9 du cabinet d\u2019avocats <a href=\"https:\/\/www.ds-legal.com\/fr\/contact\/\">D&amp;S LEGAL<\/a> est plus particuli\u00e8rement tourn\u00e9e vers le monde des affaires et de l\u2019entreprise, <a href=\"https:\/\/www.ds-legal.com\/fr\/competences\/droit-des-societes-fusions-acquisitions\/\">droit des affaires<\/a>,<a href=\"https:\/\/www.ds-legal.com\/fr\/competences\/droit-de-la-concurrence-et-des-concentrationsoncentrations\/\"> droit de la concurrence et des concentrations<\/a>, <a href=\"https:\/\/www.ds-legal.com\/fr\/competences\/droit-social\/\">droit du travail<\/a>, <a href=\"https:\/\/www.ds-legal.com\/fr\/competences\/droit-fiscal\/\">droit fiscal<\/a> etc\u2026<\/p>\n<h1>Technicit\u00e9 et engagement<\/h1>\n<p>Proche de ses clients, le cabinet d\u2019avocats <a href=\"https:\/\/www.ds-legal.com\/fr\/contact\/\">D&amp;S LEGAL<\/a> se positionne comme un partenaire, que ce soit pour une client\u00e8le de particuliers ou d\u2019entreprises.<\/p>\n<p>Le Cabinet compte \u00e0 ce jour quinze personnes, para-l\u00e9gaux, juristes, avocats inscrits au Barreau de Noum\u00e9a et une avocate inscrite au Barreau de l\u2019Etat de Victoria en Australie.<\/p>\n<p>L\u2019engagement du cabinet <a href=\"https:\/\/www.ds-legal.com\/fr\/contact\/\">D&amp;S LEGAL<\/a> passe par une \u00e9coute d\u00e9terminante qui gr\u00e2ce \u00e0 une technicit\u00e9 juridique pointue et pluridisciplinaire permet de r\u00e9pondre aux probl\u00e9matiques en conseil comme en contentieux.<\/p>\n<p>Le Cabinet dispose par ailleurs de sources documentaires consid\u00e9rables et toujours actualis\u00e9es, d\u2019une bonne capacit\u00e9 et r\u00e9activit\u00e9 en mati\u00e8re de recrutement ainsi que de nombreux contacts \u00e0 travers le monde.<\/p>\n<h1>Une envergure internationale<\/h1>\n<p>Le cabinet d&rsquo;avocats\u00a0<a href=\"https:\/\/www.ds-legal.com\/fr\/contact\/\">D&amp;S LEGAL<\/a> s\u2019est tourn\u00e9 vers l\u2019International d\u00e8s sa cr\u00e9ation. C\u2019est pourquoi, chaque avocat et chaque juriste parle couramment le fran\u00e7ais et l\u2019anglais.<\/p>\n<p>Le cabinet d&rsquo;avocats\u00a0<a href=\"https:\/\/www.ds-legal.com\/fr\/contact\/\">D&amp;S LEGAL<\/a> \u0153uvre en effet dans toute la zone Asie-pacifique. Il collabore non seulement avec une client\u00e8le issue des \u00eeles francophones (Noum\u00e9a et Nouvelle-Cal\u00e9donie, Polyn\u00e9sie fran\u00e7aise et Wallis et Futuna) mais \u00e9galement avec une client\u00e8le australienne, n\u00e9o-z\u00e9landaise, japonaise, chinoise et cor\u00e9enne.<\/p>\n<p>Enfin une partie de sa client\u00e8le est aussi localis\u00e9e en Europe, aux Etats-Unis et au Canada.<\/p>\n<h2>Localisation du Cabinet d\u2019avocats D&amp;S LEGAL<\/h2>\n<p><strong>28, rue Eug\u00e8ne Porcheron<\/strong><br \/>\n<strong> Immeuble \u00ab\u00a0Roger B\u00e9rard\u00a0\u00bb<\/strong><br \/>\n<strong> Quartier Latin &#8211; 98800 Noum\u00e9a<\/strong><br \/>\n<strong> Nouvelle-Cal\u00e9donie<\/strong><br \/>\n<strong> Tel : (+687) 26 04 04<\/strong><br \/>\n<strong> Fax : (+687) 26 04 05<\/strong><br \/>\n<strong> Mail : contact@ds-legal.com<\/strong><\/p>","protected":false},"excerpt":{"rendered":"<p>Qui sommes-nous ? D&amp;S LEGAL est un cabinet d\u2019avocats situ\u00e9 \u00e0 Noum\u00e9a en Nouvelle-Cal\u00e9donie proposant une gamme compl\u00e8te de services dans de nombreux domaines du droit. Origines Issu du rapprochement en 2005 du Cabinet DESCOMBES fond\u00e9 en 2003 et de la SCP SALANS. Domaines d\u2019activit\u00e9 L\u2019activit\u00e9 du cabinet d\u2019avocats D&amp;S LEGAL est plus particuli\u00e8rement tourn\u00e9e &hellip; <\/p>\n<p class=\"link-more\"><a href=\"https:\/\/www.ds-legal.com\/fr\/\" class=\"more-link\">Continuer la lecture<span class=\"screen-reader-text\"> de &laquo;&nbsp;Le Cabinet&nbsp;&raquo;<\/span><\/a><\/p>\n","protected":false},"author":1,"featured_media":0,"parent":0,"menu_order":0,"comment_status":"closed","ping_status":"closed","template":"inner-page.php","meta":{"_acf_changed":false,"footnotes":""},"class_list":["post-2","page","type-page","status-publish","hentry"],"acf":[],"_links":{"self":[{"href":"https:\/\/www.ds-legal.com\/fr\/wp-json\/wp\/v2\/pages\/2","targetHints":{"allow":["GET"]}}],"collection":[{"href":"https:\/\/www.ds-legal.com\/fr\/wp-json\/wp\/v2\/pages"}],"about":[{"href":"https:\/\/www.ds-legal.com\/fr\/wp-json\/wp\/v2\/types\/page"}],"author":[{"embeddable":true,"href":"https:\/\/www.ds-legal.com\/fr\/wp-json\/wp\/v2\/users\/1"}],"replies":[{"embeddable":true,"href":"https:\/\/www.ds-legal.com\/fr\/wp-json\/wp\/v2\/comments?post=2"}],"version-history":[{"count":45,"href":"https:\/\/www.ds-legal.com\/fr\/wp-json\/wp\/v2\/pages\/2\/revisions"}],"predecessor-version":[{"id":473,"href":"https:\/\/www.ds-legal.com\/fr\/wp-json\/wp\/v2\/pages\/2\/revisions\/473"}],"wp:attachment":[{"href":"https:\/\/www.ds-legal.com\/fr\/wp-json\/wp\/v2\/media?parent=2"}],"curies":[{"name":"wp","href":"https:\/\/api.w.org\/{rel}","templated":true}]}}