{"id":161,"date":"2017-11-22T11:07:41","date_gmt":"2017-11-22T11:07:41","guid":{"rendered":"https:\/\/www.ds-legal.com\/?page_id=161"},"modified":"2017-12-07T00:06:42","modified_gmt":"2017-12-06T13:06:42","slug":"maritime-law","status":"publish","type":"page","link":"https:\/\/www.ds-legal.com\/fr\/competences\/droit-maritime\/","title":{"rendered":"Droit maritime"},"content":{"rendered":"<p><\/p>\n<h2>Droit maritime<\/h2>\n<p><img loading=\"lazy\" decoding=\"async\" class=\"alignnone size-full wp-image-286\" src=\"\/wp-content\/uploads\/2017\/12\/droit_maritime.jpg\" alt=\"\" width=\"531\" height=\"184\" srcset=\"https:\/\/www.ds-legal.com\/wp-content\/uploads\/2017\/12\/droit_maritime.jpg 531w, https:\/\/www.ds-legal.com\/wp-content\/uploads\/2017\/12\/droit_maritime-300x104.jpg 300w\" sizes=\"auto, (max-width: 531px) 100vw, 531px\" \/><\/p>\n<ul>\n<li>Le cabinet d&rsquo;avocats D&amp;S LEGAL intervient dans de nombreux domaines du droit maritime, comme par exemple les saisies conservatoires de navires et actions en mainlev\u00e9e, la r\u00e9daction de contrats de construction, de contrats d\u2019acquisition et de vente de navires, de contrats de bail et d\u2019affr\u00e8tement ou encore la prise d\u2019hypoth\u00e8ques et de privil\u00e8ges maritimes.<\/li>\n<li>Le Cabinet assure la d\u00e9fense de nombre d&rsquo;acteurs du domaine maritime, notamment les transporteurs, les commissionnaires ou encore les armateurs de navires de commerce.<\/li>\n<li>Le Cabinet conseille \u00e9galement les acqu\u00e9reurs de navires de grande plaisance en leur proposant des montages juridiques et fiscaux adapt\u00e9s \u00e0 leur situation.<\/li>\n<\/ul>\n<p><\/p>","protected":false},"excerpt":{"rendered":"<p>Droit maritime Le cabinet d&rsquo;avocats D&amp;S LEGAL intervient dans de nombreux domaines du droit maritime, comme par exemple les saisies conservatoires de navires et actions en mainlev\u00e9e, la r\u00e9daction de contrats de construction, de contrats d\u2019acquisition et de vente de navires, de contrats de bail et d\u2019affr\u00e8tement ou encore la prise d\u2019hypoth\u00e8ques et de privil\u00e8ges &hellip; <\/p>\n<p class=\"link-more\"><a href=\"https:\/\/www.ds-legal.com\/fr\/competences\/droit-maritime\/\" class=\"more-link\">Continuer la lecture<span class=\"screen-reader-text\"> de &laquo;&nbsp;Droit maritime&nbsp;&raquo;<\/span><\/a><\/p>\n","protected":false},"author":1,"featured_media":0,"parent":14,"menu_order":0,"comment_status":"closed","ping_status":"closed","template":"inner-page.php","meta":{"_acf_changed":false,"footnotes":""},"class_list":["post-161","page","type-page","status-publish","hentry"],"acf":[],"_links":{"self":[{"href":"https:\/\/www.ds-legal.com\/fr\/wp-json\/wp\/v2\/pages\/161","targetHints":{"allow":["GET"]}}],"collection":[{"href":"https:\/\/www.ds-legal.com\/fr\/wp-json\/wp\/v2\/pages"}],"about":[{"href":"https:\/\/www.ds-legal.com\/fr\/wp-json\/wp\/v2\/types\/page"}],"author":[{"embeddable":true,"href":"https:\/\/www.ds-legal.com\/fr\/wp-json\/wp\/v2\/users\/1"}],"replies":[{"embeddable":true,"href":"https:\/\/www.ds-legal.com\/fr\/wp-json\/wp\/v2\/comments?post=161"}],"version-history":[{"count":4,"href":"https:\/\/www.ds-legal.com\/fr\/wp-json\/wp\/v2\/pages\/161\/revisions"}],"predecessor-version":[{"id":323,"href":"https:\/\/www.ds-legal.com\/fr\/wp-json\/wp\/v2\/pages\/161\/revisions\/323"}],"up":[{"embeddable":true,"href":"https:\/\/www.ds-legal.com\/fr\/wp-json\/wp\/v2\/pages\/14"}],"wp:attachment":[{"href":"https:\/\/www.ds-legal.com\/fr\/wp-json\/wp\/v2\/media?parent=161"}],"curies":[{"name":"wp","href":"https:\/\/api.w.org\/{rel}","templated":true}]}}