{"id":16,"date":"2017-11-18T05:04:03","date_gmt":"2017-11-18T05:04:03","guid":{"rendered":"http:\/\/dslegal.radixdev13.com\/?page_id=16"},"modified":"2017-12-07T00:04:13","modified_gmt":"2017-12-06T13:04:13","slug":"careers","status":"publish","type":"page","link":"https:\/\/www.ds-legal.com\/fr\/recrutement\/","title":{"rendered":"Recrutement"},"content":{"rendered":"<p><\/p>\n<h2>Nous rejoindre<\/h2>\n<p><img loading=\"lazy\" decoding=\"async\" class=\"alignnone size-full wp-image-293\" src=\"\/wp-content\/uploads\/2017\/12\/career.jpg\" alt=\"\" width=\"531\" height=\"184\" srcset=\"https:\/\/www.ds-legal.com\/wp-content\/uploads\/2017\/12\/career.jpg 531w, https:\/\/www.ds-legal.com\/wp-content\/uploads\/2017\/12\/career-300x104.jpg 300w\" sizes=\"auto, (max-width: 531px) 100vw, 531px\" \/><\/p>\n<ul>\n<li>Depuis sa cr\u00e9ation, le cabinet d&rsquo;avocats D&amp;S LEGAL connait une croissance constante et se place aujourd\u2019hui comme l\u2019un des cabinets en Nouvelle-Cal\u00e9donie leaders en droit des affaires, avec une activit\u00e9 internationale forte.<\/li>\n<li>L\u2019ensemble des d\u00e9partements du Cabinet offre des opportunit\u00e9s de carri\u00e8res, et leurs besoins de plus en plus nombreux, les conduit \u00e0 un recrutement r\u00e9gulier de nouveaux collaborateurs.<\/li>\n<li>D&amp;S LEGAL accueille \u00e9galement tout au long de l\u2019ann\u00e9e des stagiaires de bon niveau qui sont int\u00e9gr\u00e9s au sein des \u00e9quipes et ont vocation \u00e0 participer activement \u00e0 la vie du Cabinet.<\/li>\n<li>Pour toute demande de stage ou de collaboration, vous pouvez nous adresser votre candidature (Curriculum Vitae et lettre de motivation) par courrier \u00e9lectronique \u00e0 l\u2019adresse suivante : <script type=\"text\/javascript\">\n<!--\ndocument.write(unescape('<a href=\"%6d%61%69%6c%74%6f%3a%63%6f%6e%74%61%63%74%40%64%73%2d%6c%65%67%61%6c%2e%63%6f%6d\">%63%6f%6e%74%61%63%74%40%64%73%2d%6c%65%67%61%6c%2e%63%6f%6d<\/a>'));\n\/\/-->\n<\/script><\/li>\n<li>Toutes les candidatures seront examin\u00e9es avec attention.<\/li>\n<\/ul>\n<p><\/p>","protected":false},"excerpt":{"rendered":"<p>Nous rejoindre Depuis sa cr\u00e9ation, le cabinet d&rsquo;avocats D&amp;S LEGAL connait une croissance constante et se place aujourd\u2019hui comme l\u2019un des cabinets en Nouvelle-Cal\u00e9donie leaders en droit des affaires, avec une activit\u00e9 internationale forte. L\u2019ensemble des d\u00e9partements du Cabinet offre des opportunit\u00e9s de carri\u00e8res, et leurs besoins de plus en plus nombreux, les conduit \u00e0 &hellip; <\/p>\n<p class=\"link-more\"><a href=\"https:\/\/www.ds-legal.com\/fr\/recrutement\/\" class=\"more-link\">Continuer la lecture<span class=\"screen-reader-text\"> de &laquo;&nbsp;Recrutement&nbsp;&raquo;<\/span><\/a><\/p>\n","protected":false},"author":1,"featured_media":0,"parent":0,"menu_order":0,"comment_status":"closed","ping_status":"closed","template":"inner-page.php","meta":{"_acf_changed":false,"footnotes":""},"class_list":["post-16","page","type-page","status-publish","hentry"],"acf":[],"_links":{"self":[{"href":"https:\/\/www.ds-legal.com\/fr\/wp-json\/wp\/v2\/pages\/16","targetHints":{"allow":["GET"]}}],"collection":[{"href":"https:\/\/www.ds-legal.com\/fr\/wp-json\/wp\/v2\/pages"}],"about":[{"href":"https:\/\/www.ds-legal.com\/fr\/wp-json\/wp\/v2\/types\/page"}],"author":[{"embeddable":true,"href":"https:\/\/www.ds-legal.com\/fr\/wp-json\/wp\/v2\/users\/1"}],"replies":[{"embeddable":true,"href":"https:\/\/www.ds-legal.com\/fr\/wp-json\/wp\/v2\/comments?post=16"}],"version-history":[{"count":10,"href":"https:\/\/www.ds-legal.com\/fr\/wp-json\/wp\/v2\/pages\/16\/revisions"}],"predecessor-version":[{"id":315,"href":"https:\/\/www.ds-legal.com\/fr\/wp-json\/wp\/v2\/pages\/16\/revisions\/315"}],"wp:attachment":[{"href":"https:\/\/www.ds-legal.com\/fr\/wp-json\/wp\/v2\/media?parent=16"}],"curies":[{"name":"wp","href":"https:\/\/api.w.org\/{rel}","templated":true}]}}