{"id":159,"date":"2017-11-22T11:06:54","date_gmt":"2017-11-22T11:06:54","guid":{"rendered":"https:\/\/www.ds-legal.com\/?page_id=159"},"modified":"2017-12-07T00:05:15","modified_gmt":"2017-12-06T13:05:15","slug":"civil-law","status":"publish","type":"page","link":"https:\/\/www.ds-legal.com\/fr\/competences\/droit-civil\/","title":{"rendered":"Droit civil"},"content":{"rendered":"<p><\/p>\n<h2>Droit civil<\/h2>\n<p><img loading=\"lazy\" decoding=\"async\" class=\"alignnone size-full wp-image-283\" src=\"\/wp-content\/uploads\/2017\/12\/droit_civil.jpg\" alt=\"\" width=\"531\" height=\"184\" srcset=\"https:\/\/www.ds-legal.com\/wp-content\/uploads\/2017\/12\/droit_civil.jpg 531w, https:\/\/www.ds-legal.com\/wp-content\/uploads\/2017\/12\/droit_civil-300x104.jpg 300w\" sizes=\"auto, (max-width: 531px) 100vw, 531px\" \/><\/p>\n<ul>\n<li>Le cabinet d&rsquo;avocats D&amp;S LEGAL met \u00e9galement au service de ses clients, personnes physiques, ses comp\u00e9tences en mati\u00e8re de droit civil en g\u00e9n\u00e9ral, notamment en droit de la personne, droit de la famille et droit des succession.<\/li>\n<\/ul>\n<p><\/p>","protected":false},"excerpt":{"rendered":"<p>Droit civil Le cabinet d&rsquo;avocats D&amp;S LEGAL met \u00e9galement au service de ses clients, personnes physiques, ses comp\u00e9tences en mati\u00e8re de droit civil en g\u00e9n\u00e9ral, notamment en droit de la personne, droit de la famille et droit des succession.<\/p>\n","protected":false},"author":1,"featured_media":0,"parent":14,"menu_order":0,"comment_status":"closed","ping_status":"closed","template":"inner-page.php","meta":{"_acf_changed":false,"footnotes":""},"class_list":["post-159","page","type-page","status-publish","hentry"],"acf":[],"_links":{"self":[{"href":"https:\/\/www.ds-legal.com\/fr\/wp-json\/wp\/v2\/pages\/159","targetHints":{"allow":["GET"]}}],"collection":[{"href":"https:\/\/www.ds-legal.com\/fr\/wp-json\/wp\/v2\/pages"}],"about":[{"href":"https:\/\/www.ds-legal.com\/fr\/wp-json\/wp\/v2\/types\/page"}],"author":[{"embeddable":true,"href":"https:\/\/www.ds-legal.com\/fr\/wp-json\/wp\/v2\/users\/1"}],"replies":[{"embeddable":true,"href":"https:\/\/www.ds-legal.com\/fr\/wp-json\/wp\/v2\/comments?post=159"}],"version-history":[{"count":4,"href":"https:\/\/www.ds-legal.com\/fr\/wp-json\/wp\/v2\/pages\/159\/revisions"}],"predecessor-version":[{"id":318,"href":"https:\/\/www.ds-legal.com\/fr\/wp-json\/wp\/v2\/pages\/159\/revisions\/318"}],"up":[{"embeddable":true,"href":"https:\/\/www.ds-legal.com\/fr\/wp-json\/wp\/v2\/pages\/14"}],"wp:attachment":[{"href":"https:\/\/www.ds-legal.com\/fr\/wp-json\/wp\/v2\/media?parent=159"}],"curies":[{"name":"wp","href":"https:\/\/api.w.org\/{rel}","templated":true}]}}