{"id":155,"date":"2017-11-22T11:05:41","date_gmt":"2017-11-22T11:05:41","guid":{"rendered":"https:\/\/www.ds-legal.com\/?page_id=155"},"modified":"2017-12-07T00:06:58","modified_gmt":"2017-12-06T13:06:58","slug":"droit-minier","status":"publish","type":"page","link":"https:\/\/www.ds-legal.com\/fr\/competences\/droit-minier\/","title":{"rendered":"Droit minier"},"content":{"rendered":"<p><\/p>\n<h2>Droit minier<\/h2>\n<p><img loading=\"lazy\" decoding=\"async\" class=\"alignnone size-full wp-image-277\" src=\"\/wp-content\/uploads\/2017\/12\/droit_minier.jpg\" alt=\"\" width=\"531\" height=\"184\" srcset=\"https:\/\/www.ds-legal.com\/wp-content\/uploads\/2017\/12\/droit_minier.jpg 531w, https:\/\/www.ds-legal.com\/wp-content\/uploads\/2017\/12\/droit_minier-300x104.jpg 300w\" sizes=\"auto, (max-width: 531px) 100vw, 531px\" \/><\/p>\n<ul>\n<li>La r\u00e9glementation en mati\u00e8re mini\u00e8re rel\u00e8ve de la comp\u00e9tence de la Nouvelle-Cal\u00e9donie qui l\u00e9gif\u00e8re de mani\u00e8re autonome dans cette activit\u00e9.<\/li>\n<li>D&amp;S LEGAL dispose d\u2019une solide exp\u00e9rience dans ce domaine et est d\u2019ailleurs le conseil de quelques-unes des plus importantes compagnies mini\u00e8res en Nouvelle-Cal\u00e9donie.<\/li>\n<li>Le Cabinet est souvent invit\u00e9 \u00e0 participer, en Nouvelle-Cal\u00e9donie ou \u00e0 l\u2019\u00e9tranger, \u00e0 des conf\u00e9rences organis\u00e9es pour les acteurs de ce domaine. Le Cabinet est \u00e9galement sollicit\u00e9 pour des cessions de formation de dirigeants et cadres de soci\u00e9t\u00e9s mini\u00e8res.<\/li>\n<\/ul>\n<p><\/p>","protected":false},"excerpt":{"rendered":"<p>Droit minier La r\u00e9glementation en mati\u00e8re mini\u00e8re rel\u00e8ve de la comp\u00e9tence de la Nouvelle-Cal\u00e9donie qui l\u00e9gif\u00e8re de mani\u00e8re autonome dans cette activit\u00e9. D&amp;S LEGAL dispose d\u2019une solide exp\u00e9rience dans ce domaine et est d\u2019ailleurs le conseil de quelques-unes des plus importantes compagnies mini\u00e8res en Nouvelle-Cal\u00e9donie. Le Cabinet est souvent invit\u00e9 \u00e0 participer, en Nouvelle-Cal\u00e9donie ou &hellip; <\/p>\n<p class=\"link-more\"><a href=\"https:\/\/www.ds-legal.com\/fr\/competences\/droit-minier\/\" class=\"more-link\">Continuer la lecture<span class=\"screen-reader-text\"> de &laquo;&nbsp;Droit minier&nbsp;&raquo;<\/span><\/a><\/p>\n","protected":false},"author":1,"featured_media":0,"parent":14,"menu_order":0,"comment_status":"closed","ping_status":"closed","template":"inner-page.php","meta":{"_acf_changed":false,"footnotes":""},"class_list":["post-155","page","type-page","status-publish","hentry"],"acf":[],"_links":{"self":[{"href":"https:\/\/www.ds-legal.com\/fr\/wp-json\/wp\/v2\/pages\/155","targetHints":{"allow":["GET"]}}],"collection":[{"href":"https:\/\/www.ds-legal.com\/fr\/wp-json\/wp\/v2\/pages"}],"about":[{"href":"https:\/\/www.ds-legal.com\/fr\/wp-json\/wp\/v2\/types\/page"}],"author":[{"embeddable":true,"href":"https:\/\/www.ds-legal.com\/fr\/wp-json\/wp\/v2\/users\/1"}],"replies":[{"embeddable":true,"href":"https:\/\/www.ds-legal.com\/fr\/wp-json\/wp\/v2\/comments?post=155"}],"version-history":[{"count":4,"href":"https:\/\/www.ds-legal.com\/fr\/wp-json\/wp\/v2\/pages\/155\/revisions"}],"predecessor-version":[{"id":324,"href":"https:\/\/www.ds-legal.com\/fr\/wp-json\/wp\/v2\/pages\/155\/revisions\/324"}],"up":[{"embeddable":true,"href":"https:\/\/www.ds-legal.com\/fr\/wp-json\/wp\/v2\/pages\/14"}],"wp:attachment":[{"href":"https:\/\/www.ds-legal.com\/fr\/wp-json\/wp\/v2\/media?parent=155"}],"curies":[{"name":"wp","href":"https:\/\/api.w.org\/{rel}","templated":true}]}}