{"id":153,"date":"2017-11-22T11:05:09","date_gmt":"2017-11-22T11:05:09","guid":{"rendered":"https:\/\/www.ds-legal.com\/?page_id=153"},"modified":"2017-12-07T00:07:26","modified_gmt":"2017-12-06T13:07:26","slug":"public-administrative-law","status":"publish","type":"page","link":"https:\/\/www.ds-legal.com\/fr\/competences\/droit-public\/","title":{"rendered":"Droit public"},"content":{"rendered":"<p><\/p>\n<h2>Droit public<\/h2>\n<p><img loading=\"lazy\" decoding=\"async\" class=\"alignnone size-full wp-image-274\" src=\"\/wp-content\/uploads\/2017\/12\/droit_public.jpg\" alt=\"\" width=\"531\" height=\"184\" srcset=\"https:\/\/www.ds-legal.com\/wp-content\/uploads\/2017\/12\/droit_public.jpg 531w, https:\/\/www.ds-legal.com\/wp-content\/uploads\/2017\/12\/droit_public-300x104.jpg 300w\" sizes=\"auto, (max-width: 531px) 100vw, 531px\" \/><\/p>\n<ul>\n<li>Conscient de l\u2019importance du droit public dans la vie des affaires, D&amp;S LEGAL a d\u00e9velopp\u00e9 une expertise particuli\u00e8re dans ce domaine, en conseil et en contentieux, au service d\u2019une client\u00e8le diversifi\u00e9e comprenant industries, entreprises de services, \u00e9tablissements financiers et services publics.<\/li>\n<li>Les mati\u00e8res trait\u00e9es sont notamment les contrats publics, les partenariats publics\/priv\u00e9s, l\u2019urbanisme et le droit de l\u2019environnement.<\/li>\n<\/ul>\n<p><\/p>","protected":false},"excerpt":{"rendered":"<p>Droit public Conscient de l\u2019importance du droit public dans la vie des affaires, D&amp;S LEGAL a d\u00e9velopp\u00e9 une expertise particuli\u00e8re dans ce domaine, en conseil et en contentieux, au service d\u2019une client\u00e8le diversifi\u00e9e comprenant industries, entreprises de services, \u00e9tablissements financiers et services publics. Les mati\u00e8res trait\u00e9es sont notamment les contrats publics, les partenariats publics\/priv\u00e9s, l\u2019urbanisme &hellip; <\/p>\n<p class=\"link-more\"><a href=\"https:\/\/www.ds-legal.com\/fr\/competences\/droit-public\/\" class=\"more-link\">Continuer la lecture<span class=\"screen-reader-text\"> de &laquo;&nbsp;Droit public&nbsp;&raquo;<\/span><\/a><\/p>\n","protected":false},"author":1,"featured_media":0,"parent":14,"menu_order":0,"comment_status":"closed","ping_status":"closed","template":"inner-page.php","meta":{"_acf_changed":false,"footnotes":""},"class_list":["post-153","page","type-page","status-publish","hentry"],"acf":[],"_links":{"self":[{"href":"https:\/\/www.ds-legal.com\/fr\/wp-json\/wp\/v2\/pages\/153","targetHints":{"allow":["GET"]}}],"collection":[{"href":"https:\/\/www.ds-legal.com\/fr\/wp-json\/wp\/v2\/pages"}],"about":[{"href":"https:\/\/www.ds-legal.com\/fr\/wp-json\/wp\/v2\/types\/page"}],"author":[{"embeddable":true,"href":"https:\/\/www.ds-legal.com\/fr\/wp-json\/wp\/v2\/users\/1"}],"replies":[{"embeddable":true,"href":"https:\/\/www.ds-legal.com\/fr\/wp-json\/wp\/v2\/comments?post=153"}],"version-history":[{"count":4,"href":"https:\/\/www.ds-legal.com\/fr\/wp-json\/wp\/v2\/pages\/153\/revisions"}],"predecessor-version":[{"id":325,"href":"https:\/\/www.ds-legal.com\/fr\/wp-json\/wp\/v2\/pages\/153\/revisions\/325"}],"up":[{"embeddable":true,"href":"https:\/\/www.ds-legal.com\/fr\/wp-json\/wp\/v2\/pages\/14"}],"wp:attachment":[{"href":"https:\/\/www.ds-legal.com\/fr\/wp-json\/wp\/v2\/media?parent=153"}],"curies":[{"name":"wp","href":"https:\/\/api.w.org\/{rel}","templated":true}]}}