{"id":151,"date":"2017-11-22T11:04:38","date_gmt":"2017-11-22T11:04:38","guid":{"rendered":"https:\/\/www.ds-legal.com\/?page_id=151"},"modified":"2017-12-07T00:07:53","modified_gmt":"2017-12-06T13:07:53","slug":"reorganisation-restructuring-insolvency","status":"publish","type":"page","link":"https:\/\/www.ds-legal.com\/fr\/competences\/entreprises-en-difficulte\/","title":{"rendered":"Entreprises en difficult\u00e9"},"content":{"rendered":"<p><\/p>\n<h2>Entreprises en difficult\u00e9<\/h2>\n<p><img loading=\"lazy\" decoding=\"async\" class=\"alignnone size-full wp-image-270\" src=\"\/wp-content\/uploads\/2017\/12\/contentieux.jpg\" alt=\"\" width=\"531\" height=\"184\" srcset=\"https:\/\/www.ds-legal.com\/wp-content\/uploads\/2017\/12\/contentieux.jpg 531w, https:\/\/www.ds-legal.com\/wp-content\/uploads\/2017\/12\/contentieux-300x104.jpg 300w\" sizes=\"auto, (max-width: 531px) 100vw, 531px\" \/><\/p>\n<ul>\n<li>D&amp;S LEGAL assiste les entreprises en Nouvelle-Cal\u00e9donie au stade de la pr\u00e9vention de leurs difficult\u00e9s (proc\u00e9dures de sauvegarde et de redressement judiciaire), ainsi qu\u2019au stade de la liquidation.<\/li>\n<li>Le Cabinet intervient \u00e9galement aupr\u00e8s de candidats repreneurs pour les conseiller dans les diff\u00e9rentes solutions de reprise ou de restructuration.<\/li>\n<li>Enfin, le cabinet d&rsquo;avocats D&amp;S LEGAL assiste et repr\u00e9sente les dirigeants d\u2019entreprises, les associ\u00e9s ou les \u00e9tablissements bancaires lorsque leur responsabilit\u00e9 est engag\u00e9e ou risque de l\u2019\u00eatre.<\/li>\n<\/ul>\n<p><\/p>","protected":false},"excerpt":{"rendered":"<p>Entreprises en difficult\u00e9 D&amp;S LEGAL assiste les entreprises en Nouvelle-Cal\u00e9donie au stade de la pr\u00e9vention de leurs difficult\u00e9s (proc\u00e9dures de sauvegarde et de redressement judiciaire), ainsi qu\u2019au stade de la liquidation. Le Cabinet intervient \u00e9galement aupr\u00e8s de candidats repreneurs pour les conseiller dans les diff\u00e9rentes solutions de reprise ou de restructuration. Enfin, le cabinet d&rsquo;avocats &hellip; <\/p>\n<p class=\"link-more\"><a href=\"https:\/\/www.ds-legal.com\/fr\/competences\/entreprises-en-difficulte\/\" class=\"more-link\">Continuer la lecture<span class=\"screen-reader-text\"> de &laquo;&nbsp;Entreprises en difficult\u00e9&nbsp;&raquo;<\/span><\/a><\/p>\n","protected":false},"author":1,"featured_media":0,"parent":14,"menu_order":0,"comment_status":"closed","ping_status":"closed","template":"inner-page.php","meta":{"_acf_changed":false,"footnotes":""},"class_list":["post-151","page","type-page","status-publish","hentry"],"acf":[],"_links":{"self":[{"href":"https:\/\/www.ds-legal.com\/fr\/wp-json\/wp\/v2\/pages\/151","targetHints":{"allow":["GET"]}}],"collection":[{"href":"https:\/\/www.ds-legal.com\/fr\/wp-json\/wp\/v2\/pages"}],"about":[{"href":"https:\/\/www.ds-legal.com\/fr\/wp-json\/wp\/v2\/types\/page"}],"author":[{"embeddable":true,"href":"https:\/\/www.ds-legal.com\/fr\/wp-json\/wp\/v2\/users\/1"}],"replies":[{"embeddable":true,"href":"https:\/\/www.ds-legal.com\/fr\/wp-json\/wp\/v2\/comments?post=151"}],"version-history":[{"count":5,"href":"https:\/\/www.ds-legal.com\/fr\/wp-json\/wp\/v2\/pages\/151\/revisions"}],"predecessor-version":[{"id":327,"href":"https:\/\/www.ds-legal.com\/fr\/wp-json\/wp\/v2\/pages\/151\/revisions\/327"}],"up":[{"embeddable":true,"href":"https:\/\/www.ds-legal.com\/fr\/wp-json\/wp\/v2\/pages\/14"}],"wp:attachment":[{"href":"https:\/\/www.ds-legal.com\/fr\/wp-json\/wp\/v2\/media?parent=151"}],"curies":[{"name":"wp","href":"https:\/\/api.w.org\/{rel}","templated":true}]}}