{"id":149,"date":"2017-11-22T11:04:06","date_gmt":"2017-11-22T11:04:06","guid":{"rendered":"https:\/\/www.ds-legal.com\/?page_id=149"},"modified":"2017-12-07T00:07:36","modified_gmt":"2017-12-06T13:07:36","slug":"real-estate-law","status":"publish","type":"page","link":"https:\/\/www.ds-legal.com\/fr\/competences\/droit-immobilier\/","title":{"rendered":"Droit immobilier"},"content":{"rendered":"<p><\/p>\n<h2>Droit immobilier<\/h2>\n<p><img loading=\"lazy\" decoding=\"async\" class=\"alignnone size-full wp-image-266\" src=\"\/wp-content\/uploads\/2017\/12\/droit_immobilier.jpg\" alt=\"\" width=\"531\" height=\"184\" srcset=\"https:\/\/www.ds-legal.com\/wp-content\/uploads\/2017\/12\/droit_immobilier.jpg 531w, https:\/\/www.ds-legal.com\/wp-content\/uploads\/2017\/12\/droit_immobilier-300x104.jpg 300w\" sizes=\"auto, (max-width: 531px) 100vw, 531px\" \/><\/p>\n<ul>\n<li>D&amp;S LEGAL accompagne ses clients \u00e0 tous les stades de leurs projets immobiliers, acquisitions et ventes. Le Cabinet op\u00e8re dans l\u2019\u00e9laboration et la n\u00e9gociation des contrats ainsi que dans la mise en place du financement n\u00e9cessaire.<\/li>\n<li>Le Cabinet intervient souvent dans des op\u00e9rations d\u2019envergure, comme la construction de r\u00e9sidences h\u00f4teli\u00e8res et touristiques ou encore de centres commerciaux.<\/li>\n<li>L\u00e0 encore, comme dans les autres domaines, le Cabinet entretient des contacts r\u00e9guliers avec d&rsquo;autres professionnels tels que notaires, agents immobiliers ou encore syndicats de copropri\u00e9t\u00e9s.<\/li>\n<li>Le cabinet d&rsquo;avocats D&amp;S LEGAL assiste \u00e9galement ses clients dans la mise en place de contrats de baux et g\u00e8re la phase souvent d\u00e9licate de l\u2019expiration ou de renouvellement des baux commerciaux.<\/li>\n<\/ul>\n<p><\/p>","protected":false},"excerpt":{"rendered":"<p>Droit immobilier D&amp;S LEGAL accompagne ses clients \u00e0 tous les stades de leurs projets immobiliers, acquisitions et ventes. Le Cabinet op\u00e8re dans l\u2019\u00e9laboration et la n\u00e9gociation des contrats ainsi que dans la mise en place du financement n\u00e9cessaire. Le Cabinet intervient souvent dans des op\u00e9rations d\u2019envergure, comme la construction de r\u00e9sidences h\u00f4teli\u00e8res et touristiques ou &hellip; <\/p>\n<p class=\"link-more\"><a href=\"https:\/\/www.ds-legal.com\/fr\/competences\/droit-immobilier\/\" class=\"more-link\">Continuer la lecture<span class=\"screen-reader-text\"> de &laquo;&nbsp;Droit immobilier&nbsp;&raquo;<\/span><\/a><\/p>\n","protected":false},"author":1,"featured_media":0,"parent":14,"menu_order":0,"comment_status":"closed","ping_status":"closed","template":"inner-page.php","meta":{"_acf_changed":false,"footnotes":""},"class_list":["post-149","page","type-page","status-publish","hentry"],"acf":[],"_links":{"self":[{"href":"https:\/\/www.ds-legal.com\/fr\/wp-json\/wp\/v2\/pages\/149","targetHints":{"allow":["GET"]}}],"collection":[{"href":"https:\/\/www.ds-legal.com\/fr\/wp-json\/wp\/v2\/pages"}],"about":[{"href":"https:\/\/www.ds-legal.com\/fr\/wp-json\/wp\/v2\/types\/page"}],"author":[{"embeddable":true,"href":"https:\/\/www.ds-legal.com\/fr\/wp-json\/wp\/v2\/users\/1"}],"replies":[{"embeddable":true,"href":"https:\/\/www.ds-legal.com\/fr\/wp-json\/wp\/v2\/comments?post=149"}],"version-history":[{"count":5,"href":"https:\/\/www.ds-legal.com\/fr\/wp-json\/wp\/v2\/pages\/149\/revisions"}],"predecessor-version":[{"id":326,"href":"https:\/\/www.ds-legal.com\/fr\/wp-json\/wp\/v2\/pages\/149\/revisions\/326"}],"up":[{"embeddable":true,"href":"https:\/\/www.ds-legal.com\/fr\/wp-json\/wp\/v2\/pages\/14"}],"wp:attachment":[{"href":"https:\/\/www.ds-legal.com\/fr\/wp-json\/wp\/v2\/media?parent=149"}],"curies":[{"name":"wp","href":"https:\/\/api.w.org\/{rel}","templated":true}]}}