{"id":147,"date":"2017-11-22T11:03:38","date_gmt":"2017-11-22T11:03:38","guid":{"rendered":"https:\/\/www.ds-legal.com\/?page_id=147"},"modified":"2017-12-07T00:05:03","modified_gmt":"2017-12-06T13:05:03","slug":"banking-finance-law","status":"publish","type":"page","link":"https:\/\/www.ds-legal.com\/fr\/competences\/droit-bancaire-et-financier\/","title":{"rendered":"Droit bancaire et financier"},"content":{"rendered":"<p><\/p>\n<h2>Droit bancaire et financier<\/h2>\n<p><img loading=\"lazy\" decoding=\"async\" class=\"alignnone size-full wp-image-264\" src=\"\/wp-content\/uploads\/2017\/12\/droit_bancaire.jpg\" alt=\"\" width=\"531\" height=\"184\" srcset=\"https:\/\/www.ds-legal.com\/wp-content\/uploads\/2017\/12\/droit_bancaire.jpg 531w, https:\/\/www.ds-legal.com\/wp-content\/uploads\/2017\/12\/droit_bancaire-300x104.jpg 300w\" sizes=\"auto, (max-width: 531px) 100vw, 531px\" \/><\/p>\n<ul>\n<li>D&amp;S LEGAL dispose d\u2019une comp\u00e9tence \u00e9tablie en droit bancaire et financier, et conseille r\u00e9guli\u00e8rement, soit des \u00e9tablissements financiers, soit des entreprises ou des particuliers, dans la mise en place et l\u2019aboutissement de nombreuses transactions (immobilier, construction, fusions \/ acquisitions, etc).<\/li>\n<li>Le Cabinet intervient notamment dans la n\u00e9gociation et la r\u00e9daction de contrats de cr\u00e9dits bancaires bilat\u00e9raux ou syndiqu\u00e9s et de cr\u00e9dits \u00e0 effet de levier.<\/li>\n<li>Le cabinet d&rsquo;avocats D&amp;S LEGAL assiste \u00e9galement ses clients dans le choix du panel important de s\u00fbret\u00e9s r\u00e9elles et personnelles qu\u2019offre le droit applicable en Nouvelle-Cal\u00e9donie.<\/li>\n<\/ul>\n<p><\/p>","protected":false},"excerpt":{"rendered":"<p>Droit bancaire et financier D&amp;S LEGAL dispose d\u2019une comp\u00e9tence \u00e9tablie en droit bancaire et financier, et conseille r\u00e9guli\u00e8rement, soit des \u00e9tablissements financiers, soit des entreprises ou des particuliers, dans la mise en place et l\u2019aboutissement de nombreuses transactions (immobilier, construction, fusions \/ acquisitions, etc). Le Cabinet intervient notamment dans la n\u00e9gociation et la r\u00e9daction de &hellip; <\/p>\n<p class=\"link-more\"><a href=\"https:\/\/www.ds-legal.com\/fr\/competences\/droit-bancaire-et-financier\/\" class=\"more-link\">Continuer la lecture<span class=\"screen-reader-text\"> de &laquo;&nbsp;Droit bancaire et financier&nbsp;&raquo;<\/span><\/a><\/p>\n","protected":false},"author":1,"featured_media":0,"parent":14,"menu_order":0,"comment_status":"closed","ping_status":"closed","template":"inner-page.php","meta":{"_acf_changed":false,"footnotes":""},"class_list":["post-147","page","type-page","status-publish","hentry"],"acf":[],"_links":{"self":[{"href":"https:\/\/www.ds-legal.com\/fr\/wp-json\/wp\/v2\/pages\/147","targetHints":{"allow":["GET"]}}],"collection":[{"href":"https:\/\/www.ds-legal.com\/fr\/wp-json\/wp\/v2\/pages"}],"about":[{"href":"https:\/\/www.ds-legal.com\/fr\/wp-json\/wp\/v2\/types\/page"}],"author":[{"embeddable":true,"href":"https:\/\/www.ds-legal.com\/fr\/wp-json\/wp\/v2\/users\/1"}],"replies":[{"embeddable":true,"href":"https:\/\/www.ds-legal.com\/fr\/wp-json\/wp\/v2\/comments?post=147"}],"version-history":[{"count":4,"href":"https:\/\/www.ds-legal.com\/fr\/wp-json\/wp\/v2\/pages\/147\/revisions"}],"predecessor-version":[{"id":502,"href":"https:\/\/www.ds-legal.com\/fr\/wp-json\/wp\/v2\/pages\/147\/revisions\/502"}],"up":[{"embeddable":true,"href":"https:\/\/www.ds-legal.com\/fr\/wp-json\/wp\/v2\/pages\/14"}],"wp:attachment":[{"href":"https:\/\/www.ds-legal.com\/fr\/wp-json\/wp\/v2\/media?parent=147"}],"curies":[{"name":"wp","href":"https:\/\/api.w.org\/{rel}","templated":true}]}}