{"id":145,"date":"2017-11-22T11:02:46","date_gmt":"2017-11-22T11:02:46","guid":{"rendered":"https:\/\/www.ds-legal.com\/?page_id=145"},"modified":"2017-12-07T00:08:05","modified_gmt":"2017-12-06T13:08:05","slug":"taxation-law","status":"publish","type":"page","link":"https:\/\/www.ds-legal.com\/fr\/competences\/droit-fiscal\/","title":{"rendered":"Droit fiscal"},"content":{"rendered":"<p><\/p>\n<h2>Droit fiscal<\/h2>\n<p><img loading=\"lazy\" decoding=\"async\" class=\"alignnone size-full wp-image-261\" src=\"\/wp-content\/uploads\/2017\/12\/droit_fiscal.jpg\" alt=\"\" width=\"531\" height=\"184\" srcset=\"https:\/\/www.ds-legal.com\/wp-content\/uploads\/2017\/12\/droit_fiscal.jpg 531w, https:\/\/www.ds-legal.com\/wp-content\/uploads\/2017\/12\/droit_fiscal-300x104.jpg 300w\" sizes=\"auto, (max-width: 531px) 100vw, 531px\" \/><\/p>\n<ul>\n<li>Comme en droit social, la Nouvelle-Cal\u00e9donie l\u00e9gif\u00e8re en droit fiscal de mani\u00e8re autonome.<\/li>\n<li>D&amp;S LEGAL a mis en place les moyens n\u00e9cessaires dans ce domaine particuli\u00e8rement technique en constante \u00e9volution, pour disposer de ressources documentaires sans cesse actualis\u00e9es ainsi que d&rsquo;outils informatiques adapt\u00e9s.<\/li>\n<li>Le Cabinet a d\u00e9velopp\u00e9 une pratique fiscale de premier plan, qu\u2019il s\u2019agisse de restructurations ou de regroupements d\u2019entreprises, de fiscalit\u00e9 douani\u00e8re, d\u2019assistance \u00e0 l\u2019occasion de contr\u00f4les ou contentieux, de droit international fiscal, de fiscalit\u00e9 immobili\u00e8re, de fiscalit\u00e9 patrimoniale, d\u2019op\u00e9rations de d\u00e9fiscalisation, ou encore de droit p\u00e9nal fiscal.<\/li>\n<li>Le Cabinet est en relation avec d\u2019autres professionnels, dont les experts comptables, et entretient un contact r\u00e9gulier avec les diff\u00e9rents intervenants de la fiscalit\u00e9 en Nouvelle-Cal\u00e9donie.<\/li>\n<li>Le cabinet d&rsquo;avocats D&amp;S LEGAL organise r\u00e9guli\u00e8rement des s\u00e9ances d&rsquo;information et de formation pour les cadres dirigeants d\u2019entreprises locales ou d\u2019investisseurs \u00e9trangers.<\/li>\n<\/ul>\n<p><\/p>","protected":false},"excerpt":{"rendered":"<p>Droit fiscal Comme en droit social, la Nouvelle-Cal\u00e9donie l\u00e9gif\u00e8re en droit fiscal de mani\u00e8re autonome. D&amp;S LEGAL a mis en place les moyens n\u00e9cessaires dans ce domaine particuli\u00e8rement technique en constante \u00e9volution, pour disposer de ressources documentaires sans cesse actualis\u00e9es ainsi que d&rsquo;outils informatiques adapt\u00e9s. Le Cabinet a d\u00e9velopp\u00e9 une pratique fiscale de premier plan, &hellip; <\/p>\n<p class=\"link-more\"><a href=\"https:\/\/www.ds-legal.com\/fr\/competences\/droit-fiscal\/\" class=\"more-link\">Continuer la lecture<span class=\"screen-reader-text\"> de &laquo;&nbsp;Droit fiscal&nbsp;&raquo;<\/span><\/a><\/p>\n","protected":false},"author":1,"featured_media":0,"parent":14,"menu_order":0,"comment_status":"closed","ping_status":"closed","template":"inner-page.php","meta":{"_acf_changed":false,"footnotes":""},"class_list":["post-145","page","type-page","status-publish","hentry"],"acf":[],"_links":{"self":[{"href":"https:\/\/www.ds-legal.com\/fr\/wp-json\/wp\/v2\/pages\/145","targetHints":{"allow":["GET"]}}],"collection":[{"href":"https:\/\/www.ds-legal.com\/fr\/wp-json\/wp\/v2\/pages"}],"about":[{"href":"https:\/\/www.ds-legal.com\/fr\/wp-json\/wp\/v2\/types\/page"}],"author":[{"embeddable":true,"href":"https:\/\/www.ds-legal.com\/fr\/wp-json\/wp\/v2\/users\/1"}],"replies":[{"embeddable":true,"href":"https:\/\/www.ds-legal.com\/fr\/wp-json\/wp\/v2\/comments?post=145"}],"version-history":[{"count":4,"href":"https:\/\/www.ds-legal.com\/fr\/wp-json\/wp\/v2\/pages\/145\/revisions"}],"predecessor-version":[{"id":328,"href":"https:\/\/www.ds-legal.com\/fr\/wp-json\/wp\/v2\/pages\/145\/revisions\/328"}],"up":[{"embeddable":true,"href":"https:\/\/www.ds-legal.com\/fr\/wp-json\/wp\/v2\/pages\/14"}],"wp:attachment":[{"href":"https:\/\/www.ds-legal.com\/fr\/wp-json\/wp\/v2\/media?parent=145"}],"curies":[{"name":"wp","href":"https:\/\/api.w.org\/{rel}","templated":true}]}}