{"id":130,"date":"2017-11-21T11:48:17","date_gmt":"2017-11-21T11:48:17","guid":{"rendered":"https:\/\/www.ds-legal.com\/?page_id=130"},"modified":"2017-12-07T00:05:43","modified_gmt":"2017-12-06T13:05:43","slug":"employment-law","status":"publish","type":"page","link":"https:\/\/www.ds-legal.com\/fr\/competences\/droit-social\/","title":{"rendered":"Droit social"},"content":{"rendered":"<p><\/p>\n<h2>Droit social<\/h2>\n<p><img loading=\"lazy\" decoding=\"async\" class=\"alignnone size-full wp-image-260\" src=\"\/wp-content\/uploads\/2017\/12\/droit_social.jpg\" alt=\"\" width=\"531\" height=\"184\" srcset=\"https:\/\/www.ds-legal.com\/wp-content\/uploads\/2017\/12\/droit_social.jpg 531w, https:\/\/www.ds-legal.com\/wp-content\/uploads\/2017\/12\/droit_social-300x104.jpg 300w\" sizes=\"auto, (max-width: 531px) 100vw, 531px\" \/><\/p>\n<ul>\n<li>D&amp;S LEGAL dispose de comp\u00e9tences et d\u2019une exp\u00e9rience notable en droit social, domaine dans lequel la Nouvelle-Cal\u00e9donie l\u00e9gif\u00e8re ind\u00e9pendamment de la M\u00e9tropole.<\/li>\n<li>Le Cabinet intervient au quotidien aupr\u00e8s de ses clients en conseil ou en contentieux. Il traite de questions relatives aux relations individuelles (contrats de travail, proc\u00e9dures disciplinaires et de rupture, obligation de non concurrence, r\u00e9mun\u00e9ration, heures de travail, etc) ou aux relations collectives (organes repr\u00e9sentatifs du personnel, r\u00e8glement int\u00e9rieur, relations avec les syndicats, etc).<\/li>\n<li>Le cabinet d&rsquo;avocats D&amp;S LEGAL conseille r\u00e9guli\u00e8rement des investisseurs \u00e9trangers sur les particularit\u00e9s de ce droit local, notamment sur des questions relatives au d\u00e9tachement de salari\u00e9s (type de contrat, formalit\u00e9s de s\u00e9jour et visas, etc).<\/li>\n<\/ul>\n<p><\/p>","protected":false},"excerpt":{"rendered":"<p>Droit social D&amp;S LEGAL dispose de comp\u00e9tences et d\u2019une exp\u00e9rience notable en droit social, domaine dans lequel la Nouvelle-Cal\u00e9donie l\u00e9gif\u00e8re ind\u00e9pendamment de la M\u00e9tropole. Le Cabinet intervient au quotidien aupr\u00e8s de ses clients en conseil ou en contentieux. Il traite de questions relatives aux relations individuelles (contrats de travail, proc\u00e9dures disciplinaires et de rupture, obligation &hellip; <\/p>\n<p class=\"link-more\"><a href=\"https:\/\/www.ds-legal.com\/fr\/competences\/droit-social\/\" class=\"more-link\">Continuer la lecture<span class=\"screen-reader-text\"> de &laquo;&nbsp;Droit social&nbsp;&raquo;<\/span><\/a><\/p>\n","protected":false},"author":1,"featured_media":0,"parent":14,"menu_order":0,"comment_status":"closed","ping_status":"closed","template":"inner-page.php","meta":{"_acf_changed":false,"footnotes":""},"class_list":["post-130","page","type-page","status-publish","hentry"],"acf":[],"_links":{"self":[{"href":"https:\/\/www.ds-legal.com\/fr\/wp-json\/wp\/v2\/pages\/130","targetHints":{"allow":["GET"]}}],"collection":[{"href":"https:\/\/www.ds-legal.com\/fr\/wp-json\/wp\/v2\/pages"}],"about":[{"href":"https:\/\/www.ds-legal.com\/fr\/wp-json\/wp\/v2\/types\/page"}],"author":[{"embeddable":true,"href":"https:\/\/www.ds-legal.com\/fr\/wp-json\/wp\/v2\/users\/1"}],"replies":[{"embeddable":true,"href":"https:\/\/www.ds-legal.com\/fr\/wp-json\/wp\/v2\/comments?post=130"}],"version-history":[{"count":7,"href":"https:\/\/www.ds-legal.com\/fr\/wp-json\/wp\/v2\/pages\/130\/revisions"}],"predecessor-version":[{"id":320,"href":"https:\/\/www.ds-legal.com\/fr\/wp-json\/wp\/v2\/pages\/130\/revisions\/320"}],"up":[{"embeddable":true,"href":"https:\/\/www.ds-legal.com\/fr\/wp-json\/wp\/v2\/pages\/14"}],"wp:attachment":[{"href":"https:\/\/www.ds-legal.com\/fr\/wp-json\/wp\/v2\/media?parent=130"}],"curies":[{"name":"wp","href":"https:\/\/api.w.org\/{rel}","templated":true}]}}