{"id":125,"date":"2017-11-21T10:30:32","date_gmt":"2017-11-21T10:30:32","guid":{"rendered":"https:\/\/www.ds-legal.com\/?page_id=125"},"modified":"2018-06-08T22:30:18","modified_gmt":"2018-06-08T11:30:18","slug":"company-law-mergers-acquisitions","status":"publish","type":"page","link":"https:\/\/www.ds-legal.com\/fr\/competences\/droit-des-societes-fusions-acquisitions\/","title":{"rendered":"Droit des soci\u00e9t\u00e9s \u2013 Fusions \/ acquisitions"},"content":{"rendered":"<p><\/p>\n<h2>Droit des soci\u00e9t\u00e9s \u2013 Fusions \/ acquisitions<\/h2>\n<p><img loading=\"lazy\" decoding=\"async\" class=\"alignnone size-full wp-image-257\" src=\"\/wp-content\/uploads\/2017\/12\/droit_societe.jpg\" alt=\"\" width=\"531\" height=\"184\" srcset=\"https:\/\/www.ds-legal.com\/wp-content\/uploads\/2017\/12\/droit_societe.jpg 531w, https:\/\/www.ds-legal.com\/wp-content\/uploads\/2017\/12\/droit_societe-300x104.jpg 300w\" sizes=\"auto, (max-width: 531px) 100vw, 531px\" \/><\/p>\n<ul>\n<li>Le droit des soci\u00e9t\u00e9s, dont les fusions \/ acquisitions, constitue l\u2019une des activit\u00e9s principales de D&amp;S LEGAL. Le Cabinet conseille ses clients pour la d\u00e9finition et la mise en \u0153uvre de leurs op\u00e9rations nationales et transnationales, avec une assistance active dans leurs n\u00e9gociations.<\/li>\n<li>Le cabinet d&rsquo;avocats D&amp;S LEGAL participe ainsi r\u00e9guli\u00e8rement \u00e0 des op\u00e9rations de cessions et prises de participations, \u00ab joint venture \u00bb, restructurations de soci\u00e9t\u00e9s, capital d\u00e9veloppement et LBO, avec si n\u00e9cessaire, la collaboration de cabinets d\u2019experts comptables d\u2019excellente r\u00e9putation.<\/li>\n<\/ul>\n<p><\/p>","protected":false},"excerpt":{"rendered":"<p>Droit des soci\u00e9t\u00e9s \u2013 Fusions \/ acquisitions Le droit des soci\u00e9t\u00e9s, dont les fusions \/ acquisitions, constitue l\u2019une des activit\u00e9s principales de D&amp;S LEGAL. Le Cabinet conseille ses clients pour la d\u00e9finition et la mise en \u0153uvre de leurs op\u00e9rations nationales et transnationales, avec une assistance active dans leurs n\u00e9gociations. Le cabinet d&rsquo;avocats D&amp;S LEGAL &hellip; <\/p>\n<p class=\"link-more\"><a href=\"https:\/\/www.ds-legal.com\/fr\/competences\/droit-des-societes-fusions-acquisitions\/\" class=\"more-link\">Continuer la lecture<span class=\"screen-reader-text\"> de &laquo;&nbsp;Droit des soci\u00e9t\u00e9s \u2013 Fusions \/ acquisitions&nbsp;&raquo;<\/span><\/a><\/p>\n","protected":false},"author":1,"featured_media":0,"parent":14,"menu_order":0,"comment_status":"closed","ping_status":"closed","template":"inner-page.php","meta":{"_acf_changed":false,"footnotes":""},"class_list":["post-125","page","type-page","status-publish","hentry"],"acf":[],"_links":{"self":[{"href":"https:\/\/www.ds-legal.com\/fr\/wp-json\/wp\/v2\/pages\/125","targetHints":{"allow":["GET"]}}],"collection":[{"href":"https:\/\/www.ds-legal.com\/fr\/wp-json\/wp\/v2\/pages"}],"about":[{"href":"https:\/\/www.ds-legal.com\/fr\/wp-json\/wp\/v2\/types\/page"}],"author":[{"embeddable":true,"href":"https:\/\/www.ds-legal.com\/fr\/wp-json\/wp\/v2\/users\/1"}],"replies":[{"embeddable":true,"href":"https:\/\/www.ds-legal.com\/fr\/wp-json\/wp\/v2\/comments?post=125"}],"version-history":[{"count":10,"href":"https:\/\/www.ds-legal.com\/fr\/wp-json\/wp\/v2\/pages\/125\/revisions"}],"predecessor-version":[{"id":319,"href":"https:\/\/www.ds-legal.com\/fr\/wp-json\/wp\/v2\/pages\/125\/revisions\/319"}],"up":[{"embeddable":true,"href":"https:\/\/www.ds-legal.com\/fr\/wp-json\/wp\/v2\/pages\/14"}],"wp:attachment":[{"href":"https:\/\/www.ds-legal.com\/fr\/wp-json\/wp\/v2\/media?parent=125"}],"curies":[{"name":"wp","href":"https:\/\/api.w.org\/{rel}","templated":true}]}}